{"id":538,"date":"2023-12-13T10:38:47","date_gmt":"2023-12-13T09:38:47","guid":{"rendered":"https:\/\/schlitzer-destillerie.de\/magazin\/?page_id=538"},"modified":"2025-04-09T09:49:11","modified_gmt":"2025-04-09T07:49:11","slug":"rezepte","status":"publish","type":"page","link":"https:\/\/schlitzer-destillerie.de\/magazin\/rezepte\/","title":{"rendered":"Rezepte"},"content":{"rendered":"<p>[et_pb_section fb_built=&#8220;1&#8243; admin_label=&#8220;section&#8220; _builder_version=&#8220;4.16&#8243; global_colors_info=&#8220;{}&#8220;][et_pb_row column_structure=&#8220;3_4,1_4&#8243; admin_label=&#8220;row&#8220; _builder_version=&#8220;4.16&#8243; background_size=&#8220;initial&#8220; background_position=&#8220;top_left&#8220; background_repeat=&#8220;repeat&#8220; global_colors_info=&#8220;{}&#8220;][et_pb_column type=&#8220;3_4&#8243; _builder_version=&#8220;4.16&#8243; custom_padding=&#8220;|||&#8220; global_colors_info=&#8220;{}&#8220; custom_padding__hover=&#8220;|||&#8220;][et_pb_text _builder_version=&#8220;4.27.4&#8243; _module_preset=&#8220;default&#8220; hover_enabled=&#8220;0&#8243; global_colors_info=&#8220;{}&#8220; sticky_enabled=&#8220;0&#8243;]<\/p>\n<h1>Rezepte<\/h1>\n<p>Entdecke raffinierte Cocktail- und Longdrink-Rezepte mit den hochwertigen Spirituosen der Schlitzer Destillerie. Ob Gin, Whisky oder Lik\u00f6r \u2013 unsere vielseitigen Kreationen laden zum Mixen, Genie\u00dfen und Staunen ein. Hier findest du Inspiration f\u00fcr jeden Anlass: von sommerlich-leichten Drinks bis hin zu winterlich-w\u00e4rmenden Klassikern.<\/p>\n<p>[\/et_pb_text][dpdfg_filtergrid include_categories=&#8220;8,11,10,9,1,33&#8243; thumbnail_size=&#8220;768&#215;0&#8243; use_overlay=&#8220;off&#8220; title_link=&#8220;on&#8220; show_post_meta=&#8220;off&#8220; show_content=&#8220;on&#8220; read_more=&#8220;on&#8220; read_more_text=&#8220;weiterlesen&#8220; default_filter=&#8220;1&#8243; hide_all=&#8220;on&#8220; items_width=&#8220;30%&#8220; items_width_tablet=&#8220;&#8220; items_width_phone=&#8220;30%&#8220; items_width_last_edited=&#8220;on|phone&#8220; _builder_version=&#8220;4.24.2&#8243; _module_preset=&#8220;default&#8220; dpdfg_filters_active_text_color=&#8220;#862633&#8243; custom_read_more_button=&#8220;on&#8220; read_more_button_text_size=&#8220;14px&#8220; read_more_button_text_color=&#8220;#FFFFFF&#8220; read_more_button_bg_color=&#8220;#862633&#8243; read_more_button_alignment=&#8220;left&#8220; border_width_all=&#8220;0px&#8220; global_colors_info=&#8220;{}&#8220; read_more_button_text_color__hover_enabled=&#8220;on|hover&#8220; read_more_button_bg_color__hover_enabled=&#8220;on|hover&#8220; read_more_button_bg_color__hover=&#8220;#FFFFFF&#8220; read_more_button_bg_enable_color__hover=&#8220;on&#8220; read_more_button_text_size__hover_enabled=&#8220;off|desktop&#8220; read_more_button_text_size__hover=&#8220;14px&#8220; read_more_button_text_color__hover=&#8220;#862633&#8243;][\/dpdfg_filtergrid][\/et_pb_column][et_pb_column type=&#8220;1_4&#8243; _builder_version=&#8220;4.16&#8243; custom_padding=&#8220;|||&#8220; global_colors_info=&#8220;{}&#8220; custom_padding__hover=&#8220;|||&#8220;][et_pb_sidebar orientation=&#8220;right&#8220; show_border=&#8220;off&#8220; module_class=&#8220;lp-sidebar&#8220; _builder_version=&#8220;4.23.1&#8243; _module_preset=&#8220;default&#8220; global_module=&#8220;566&#8243; saved_tabs=&#8220;all&#8220; global_colors_info=&#8220;{}&#8220;][\/et_pb_sidebar][\/et_pb_column][\/et_pb_row][et_pb_row _builder_version=&#8220;4.27.4&#8243; _module_preset=&#8220;default&#8220;][et_pb_column _builder_version=&#8220;4.27.4&#8243; _module_preset=&#8220;default&#8220; type=&#8220;4_4&#8243;][et_pb_text _builder_version=&#8220;4.27.4&#8243; _module_preset=&#8220;default&#8220; hover_enabled=&#8220;0&#8243; sticky_enabled=&#8220;0&#8243;]<\/p>\n<h2>Cocktails mit Charakter \u2013 f\u00fcr Genie\u00dfer und Gastgeber<\/h2>\n<p>Unsere Rezepte zeigen dir, wie du im Handumdrehen beeindruckende Drinks zauberst \u2013 ganz ohne Bar-Profi zu sein. Mit wenigen Zutaten und klaren Anleitungen gelingen dir Drinks wie der farbwechselnde <strong><a href=\"https:\/\/schlitzer-destillerie.de\/burgen-citrus-gin\">Citrus Gin<\/a> Cocktail<\/strong>, der cremige <strong>Nutella Martini<\/strong> oder der klassische <strong>Manhattan Cocktail<\/strong>. Die Rezepte sind perfekt abgestimmt auf unsere Spirituosen aus Hessen \u2013 f\u00fcr authentischen Geschmack mit regionaler Seele.<\/p>\n<h2>Saisonale Highlights &amp; kreative Ideen<\/h2>\n<p>Ob <strong>sommerliche Erfrischung<\/strong> mit Grapefruit und Gin oder <strong>winterlicher Genuss<\/strong> mit Hot Buttered Whisky \u2013 bei uns findest du Rezepte f\u00fcr jede Jahreszeit. Genie\u00dfe festliche Aromen mit dem <strong>Bratapfel Mule<\/strong> oder \u00fcberrasche deine G\u00e4ste mit einem <strong>Gin Matcha Cocktail<\/strong>, der Farbe und Geschmack vereint.<\/p>\n<h2>Mix dir deinen Lieblingsdrink<\/h2>\n<p>Die Rezepte im Magazin der Schlitzer Destillerie sind nicht nur lecker, sondern auch einfach nachzumachen. Du brauchst keine komplizierten Zutaten oder Bar-Equipment \u2013 nur die Lust am Ausprobieren. Lass dich inspirieren, entdecke neue Geschmackskombinationen und bring Schwung in deine Hausbar!<\/p>\n<p>[\/et_pb_text][\/et_pb_column][\/et_pb_row][\/et_pb_section]<\/p>\n","protected":false},"excerpt":{"rendered":"<p>Rezepte Entdecke raffinierte Cocktail- und Longdrink-Rezepte mit den hochwertigen Spirituosen der Schlitzer Destillerie. Ob Gin, Whisky oder Lik\u00f6r \u2013 unsere vielseitigen Kreationen laden zum Mixen, Genie\u00dfen und Staunen ein. Hier findest du Inspiration f\u00fcr jeden Anlass: von sommerlich-leichten Drinks bis hin zu winterlich-w\u00e4rmenden Klassikern.<div class=\"et_pb_module dpdfg_filtergrid dpdfg_filtergrid_0\">\n\t\t\t\t\n\t\t\t\t\n\t\t\t\t\n\t\t\t\t\n\t\t\t\t\n\t\t\t\t\n\t\t\t\t<div class=\"et_pb_module_inner\">\n\t\t\t\t\t<!-- DPDFG Start Main Container --><div class=\"dp-dfg-container dp-dfg-layout-grid dp-dfg-skin-default dp-dfg-skin-top-filters dp-dfg-empty\" data-active-filter=\"all\" data-page=\"1\" data-found-posts=\"0\" data-post-number=\"1\" data-default-filter=\"&#8220;1&#8243;\" data-link-filter=\"\" data-cache=\"off\" data-ratio=\"0\" data-show-thumb=\"on\" data-action=\"link\" data-new-window=\"off\" data-filters=\"on\" data-date-filters=\"off\" data-multifilter=\"off|OR\" data-multilevel=\"off|AND|off\" data-sorting=\"off\" data-order=\"DESC\" data-orderby=\"date\" data-initorderby=\"date\" data-url-navigation=\"off\" data-url-history=\"on|reload\" data-ajax-filters=\"off\" data-doing-ajax=\"off\" data-module=\"dpdfg_filtergrid_0\" data-search=\"off\" data-search-position=\"above\" data-terms-tags=\"on\" data-pagination=\"on\" data-filter-method=\"default\" data-third-party=\"\" data-lightbox=\"on|||\" data-video-preview=\"off\" data-no-init=\"off\" data-st=\"on\" data-no-results=\"on\"><div class=\"dp-dfg-items\"><div class=\"dp-dfg-no-results\">No results found.<\/div><\/div><div class=\"dp-dfg-pagination dp-dfg-hide\" data-base-url=\"\/magazin\/wp-json\/wp\/v2\/s\/538\/page\/\" data-url-args=\"\"><ul class=\"pagination \"><li class=\"pagination-item previous-posts dp-dfg-direction  dp-dfg-hide\"><a href=\"https:\/\/schlitzer-destillerie.de\/magazin\/wp-json\/wp\/v2\/pages\/538\/\" aria-label=\"Previous Page\" data-page=\"1\" class=\"pagination-link\"><span class=\"et-pb-icon\">&#x34;<\/span> <\/a><\/li><li class=\"pagination-item active\"><a href=\"https:\/\/schlitzer-destillerie.de\/magazin\/wp-json\/wp\/v2\/pages\/538\/\" aria-current=\"page\" aria-label=\"Page 1\" data-page=\"1\" class=\"pagination-link dp-dfg-page\">1<\/a><\/li><li class=\"pagination-item\"><a href=\"https:\/\/schlitzer-destillerie.de\/magazin\/wp-json\/wp\/v2\/pages\/538\/page\/2\/\"  aria-label=\"Page 2\" data-page=\"2\" class=\"pagination-link dp-dfg-page\">2<\/a><\/li><li class=\"pagination-item next-posts dp-dfg-direction \"><a href=\"https:\/\/schlitzer-destillerie.de\/magazin\/wp-json\/wp\/v2\/pages\/538\/page\/2\/\" aria-label=\"Next Page\" data-page=\"2\" class=\"pagination-link\">  <span class=\"et-pb-icon\">&#x35;<\/span><\/a><\/li><\/ul><\/div><!-- DPDFG End Pagination Container --><div class=\"dp-dfg-announcer screen-reader-text\" aria-live=\"polite\" aria-atomic=\"true\"><\/div><\/div><!-- DPDFG End Main Container --><div class=\"dp-dfg-data dp-dfg-hide\"><div class=\"dp-dfg-ajax-data\" data-ajax=\"{&quot;custom_query&quot;:&quot;basic&quot;,&quot;support_for&quot;:&quot;sfp&quot;,&quot;sfp_id&quot;:&quot;&quot;,&quot;include_categories&quot;:&quot;&amp;#8220;8,11,10,9,1,33&amp;#8243;&quot;,&quot;current_post_type&quot;:&quot;on&quot;,&quot;multiple_cpt&quot;:&quot;post&quot;,&quot;use_taxonomy_terms&quot;:&quot;on&quot;,&quot;multiple_taxonomies&quot;:&quot;category&quot;,&quot;taxonomies_relation&quot;:&quot;OR&quot;,&quot;include_terms&quot;:&quot;&quot;,&quot;terms_relation&quot;:&quot;IN&quot;,&quot;include_children_terms&quot;:&quot;on&quot;,&quot;exclude_taxonomies&quot;:&quot;category&quot;,&quot;exclude_taxonomies_relation&quot;:&quot;OR&quot;,&quot;exclude_terms&quot;:&quot;&quot;,&quot;meta_query&quot;:&quot;off&quot;,&quot;meta_cf_key&quot;:&quot;&quot;,&quot;meta_cf_value&quot;:&quot;&quot;,&quot;meta_cf_compare&quot;:&quot;Equal To&quot;,&quot;meta_cf_type&quot;:&quot;CHAR&quot;,&quot;related_taxonomies&quot;:&quot;&quot;,&quot;related_criteria&quot;:&quot;one_in_one&quot;,&quot;posts_ids&quot;:&quot;&quot;,&quot;post_number&quot;:&quot;12&quot;,&quot;offset_number&quot;:&quot;0&quot;,&quot;order&quot;:&quot;DESC&quot;,&quot;orderby&quot;:&quot;date&quot;,&quot;meta_key&quot;:&quot;&quot;,&quot;meta_type&quot;:&quot;CHAR&quot;,&quot;show_private&quot;:&quot;off&quot;,&quot;current_author&quot;:&quot;off&quot;,&quot;sticky_posts&quot;:&quot;off&quot;,&quot;remove_current_post&quot;:&quot;off&quot;,&quot;no_results&quot;:&quot;No results found.&quot;,&quot;thumbnail_action&quot;:&quot;link&quot;,&quot;gallery_cf_name&quot;:&quot;&quot;,&quot;lightbox_elements&quot;:&quot;on|||&quot;,&quot;show_thumbnail&quot;:&quot;on&quot;,&quot;thumbnail_size&quot;:&quot;&amp;#8220;768&amp;#215;0&amp;#8243;&quot;,&quot;t_alt&quot;:&quot;title&quot;,&quot;use_overlay&quot;:&quot;&amp;#8220;off&amp;#8220;&quot;,&quot;show_title&quot;:&quot;on&quot;,&quot;title_link&quot;:&quot;&amp;#8220;on&amp;#8220;&quot;,&quot;show_post_meta&quot;:&quot;&amp;#8220;off&amp;#8220;&quot;,&quot;meta_separator&quot;:&quot; | &quot;,&quot;show_author&quot;:&quot;on&quot;,&quot;author_prefix_text&quot;:&quot;By &quot;,&quot;show_date&quot;:&quot;off&quot;,&quot;date_format&quot;:&quot;j. F Y&quot;,&quot;show_terms&quot;:&quot;off&quot;,&quot;show_terms_taxonomy&quot;:&quot;category&quot;,&quot;terms_separator&quot;:&quot;,&quot;,&quot;terms_links&quot;:&quot;on&quot;,&quot;show_comments&quot;:&quot;off&quot;,&quot;show_content&quot;:&quot;&amp;#8220;on&amp;#8220;&quot;,&quot;content_length&quot;:&quot;excerpt&quot;,&quot;truncate_content&quot;:&quot;120&quot;,&quot;truncate_excerpt&quot;:&quot;off&quot;,&quot;strip_html&quot;:&quot;on&quot;,&quot;action_button&quot;:&quot;off&quot;,&quot;action_button_text&quot;:&quot;Click Action Button&quot;,&quot;read_more&quot;:&quot;&amp;#8220;on&amp;#8220;&quot;,&quot;read_more_text&quot;:&quot;&amp;#8220;weiterlesen&amp;#8220;&quot;,&quot;read_more_window&quot;:&quot;off&quot;,&quot;show_custom_fields&quot;:&quot;off&quot;,&quot;custom_fields&quot;:&quot;&quot;,&quot;show_custom_content&quot;:&quot;off&quot;,&quot;custom_content_container&quot;:&quot;on&quot;,&quot;custom_url&quot;:&quot;off&quot;,&quot;custom_url_field_name&quot;:&quot;&quot;,&quot;custom_url_target&quot;:&quot;same&quot;,&quot;show_video_preview&quot;:&quot;off&quot;,&quot;video_module&quot;:&quot;off&quot;,&quot;video_action&quot;:&quot;play&quot;,&quot;video_action_priority&quot;:&quot;on&quot;,&quot;video_overlay&quot;:&quot;on&quot;,&quot;video_overlay_icon&quot;:&quot;on&quot;,&quot;video_icon&quot;:&quot;&amp;#x49;||divi||400&quot;,&quot;video_icon_color&quot;:&quot;#ffffff&quot;,&quot;video_overlay_color&quot;:&quot;rgba(0,0,0,0.6)&quot;,&quot;show_filters&quot;:&quot;on&quot;,&quot;multilevel&quot;:&quot;off&quot;,&quot;multilevel_hierarchy&quot;:&quot;off&quot;,&quot;multilevel_hierarchy_tax&quot;:&quot;[{\\&quot;name\\&quot;:\\&quot;category\\&quot;,\\&quot;label\\&quot;:\\&quot;\\&quot;,\\&quot;all\\&quot;:\\&quot;\\&quot;}]&quot;,&quot;multilevel_relation&quot;:&quot;AND&quot;,&quot;multilevel_tax_data&quot;:&quot;[{\\&quot;name\\&quot;:\\&quot;category\\&quot;,\\&quot;label\\&quot;:\\&quot;\\&quot;,\\&quot;all\\&quot;:\\&quot;\\&quot;}]&quot;,&quot;filter_children_terms&quot;:&quot;on&quot;,&quot;use_custom_terms_filters&quot;:&quot;off&quot;,&quot;filter_taxonomies&quot;:&quot;category&quot;,&quot;filter_terms&quot;:&quot;&quot;,&quot;default_filter&quot;:&quot;&amp;#8220;1&amp;#8243;&quot;,&quot;filters_order&quot;:&quot;ASC&quot;,&quot;filters_sort&quot;:&quot;id&quot;,&quot;filters_custom&quot;:&quot;&quot;,&quot;hide_all&quot;:&quot;&amp;#8220;on&amp;#8220;&quot;,&quot;all_text&quot;:&quot;All&quot;,&quot;s_df&quot;:&quot;off&quot;,&quot;df_col&quot;:&quot;post_date&quot;,&quot;s_df_y&quot;:&quot;on&quot;,&quot;s_df_m&quot;:&quot;on&quot;,&quot;filter_layout&quot;:&quot;button&quot;,&quot;multifilter&quot;:&quot;off&quot;,&quot;multifilter_relation&quot;:&quot;OR&quot;,&quot;show_sort&quot;:&quot;off&quot;,&quot;cf_ob_name&quot;:&quot;&quot;,&quot;cf_ob_type&quot;:&quot;CHAR&quot;,&quot;ajax_filters&quot;:&quot;off&quot;,&quot;cache_on_page&quot;:&quot;off&quot;,&quot;show_pagination&quot;:&quot;on&quot;,&quot;pagination_type&quot;:&quot;paged&quot;,&quot;ajax_load_more_text&quot;:&quot;Load More&quot;,&quot;previous_icon&quot;:&quot;&amp;#x34;||divi||400&quot;,&quot;next_icon&quot;:&quot;&amp;#x35;||divi||400&quot;,&quot;previous_text&quot;:&quot;&quot;,&quot;next_text&quot;:&quot;&quot;,&quot;pagination_pages&quot;:&quot;2&quot;,&quot;items_layout&quot;:&quot;dp-dfg-layout-grid&quot;,&quot;thumb_width&quot;:&quot;33%&quot;,&quot;items_width&quot;:&quot;&amp;#8220;30%&amp;#8220;&quot;,&quot;items_skin&quot;:&quot;dp-dfg-skin-default&quot;,&quot;primary_view&quot;:&quot;[{\\&quot;name\\&quot;:\\&quot;thumbnail\\&quot;,\\&quot;show\\&quot;:\\&quot;on\\&quot;},{\\&quot;name\\&quot;:\\&quot;overlay\\&quot;,\\&quot;show\\&quot;:\\&quot;on\\&quot;},{\\&quot;name\\&quot;:\\&quot;title\\&quot;,\\&quot;show\\&quot;:\\&quot;off\\&quot;},{\\&quot;name\\&quot;:\\&quot;meta\\&quot;,\\&quot;show\\&quot;:\\&quot;off\\&quot;},{\\&quot;name\\&quot;:\\&quot;ext\\&quot;,\\&quot;show\\&quot;:\\&quot;off\\&quot;},{\\&quot;name\\&quot;:\\&quot;content\\&quot;,\\&quot;show\\&quot;:\\&quot;off\\&quot;},{\\&quot;name\\&quot;:\\&quot;action_button\\&quot;,\\&quot;show\\&quot;:\\&quot;off\\&quot;},{\\&quot;name\\&quot;:\\&quot;read_more_button\\&quot;,\\&quot;show\\&quot;:\\&quot;off\\&quot;},{\\&quot;name\\&quot;:\\&quot;custom_content\\&quot;,\\&quot;show\\&quot;:\\&quot;off\\&quot;}]&quot;,&quot;secondary_view&quot;:&quot;[{\\&quot;name\\&quot;:\\&quot;thumbnail\\&quot;,\\&quot;show\\&quot;:\\&quot;off\\&quot;},{\\&quot;name\\&quot;:\\&quot;title\\&quot;,\\&quot;show\\&quot;:\\&quot;on\\&quot;},{\\&quot;name\\&quot;:\\&quot;meta\\&quot;,\\&quot;show\\&quot;:\\&quot;on\\&quot;},{\\&quot;name\\&quot;:\\&quot;ext\\&quot;,\\&quot;show\\&quot;:\\&quot;on\\&quot;},{\\&quot;name\\&quot;:\\&quot;content\\&quot;,\\&quot;show\\&quot;:\\&quot;on\\&quot;},{\\&quot;name\\&quot;:\\&quot;action_button\\&quot;,\\&quot;show\\&quot;:\\&quot;on\\&quot;},{\\&quot;name\\&quot;:\\&quot;read_more_button\\&quot;,\\&quot;show\\&quot;:\\&quot;on\\&quot;},{\\&quot;name\\&quot;:\\&quot;custom_content\\&quot;,\\&quot;show\\&quot;:\\&quot;on\\&quot;}]&quot;,&quot;popup_template&quot;:&quot;default&quot;,&quot;popup_link_target&quot;:&quot;none&quot;,&quot;popup_code&quot;:&quot;&quot;,&quot;use_overlay_icon&quot;:&quot;on&quot;,&quot;hover_icon&quot;:&quot;&amp;#xe050;||divi||400&quot;,&quot;overlay_icon_color&quot;:&quot;#2ea3f2&quot;,&quot;hover_overlay_color&quot;:&quot;rgba(255,255,255,0.9)&quot;,&quot;show_search&quot;:&quot;off&quot;,&quot;search_position&quot;:&quot;above&quot;,&quot;orderby_search&quot;:&quot;on&quot;,&quot;relevanssi&quot;:&quot;off&quot;,&quot;bg_items&quot;:&quot;&quot;,&quot;admin_label&quot;:&quot;&quot;,&quot;module_id&quot;:&quot;&quot;,&quot;module_class&quot;:&quot;&quot;,&quot;dpdfg_entry_title_level&quot;:&quot;h2&quot;,&quot;read_more_button_icon&quot;:&quot;&quot;,&quot;action_button_icon&quot;:&quot;&quot;,&quot;the_ID&quot;:0,&quot;the_author&quot;:1,&quot;seed&quot;:5928,&quot;query_context&quot;:&quot;initial_query&quot;,&quot;conditional_tags&quot;:{&quot;is_user_logged_in&quot;:&quot;off&quot;,&quot;is_front_page&quot;:&quot;off&quot;,&quot;is_singular&quot;:&quot;off&quot;,&quot;is_archive&quot;:&quot;off&quot;,&quot;is_search&quot;:&quot;off&quot;,&quot;is_tax&quot;:&quot;off&quot;,&quot;is_author&quot;:&quot;off&quot;,&quot;is_date&quot;:&quot;off&quot;,&quot;is_post_type&quot;:&quot;off&quot;},&quot;query_var&quot;:{&quot;s&quot;:&quot;&quot;,&quot;year&quot;:&quot;&quot;,&quot;monthnum&quot;:&quot;&quot;,&quot;day&quot;:&quot;&quot;,&quot;post_type&quot;:&quot;&quot;},&quot;custom_data&quot;:[]}\"><\/div><div class=\"dp-dfg-no-results-data\"><div class=\"dp-dfg-no-results\">No results found.<\/div><\/div><div class=\"dp-dfg-loader-data\"><\/div><\/div>\n\t\t\t\t<\/div>\n\t\t\t<\/div><\/p>\n","protected":false},"author":1,"featured_media":2636,"parent":0,"menu_order":0,"comment_status":"closed","ping_status":"closed","template":"","meta":{"_et_pb_use_builder":"on","_et_pb_old_content":"","_et_gb_content_width":"","wprm-recipe-roundup-name":"","wprm-recipe-roundup-description":"","footnotes":""},"class_list":["post-538","page","type-page","status-publish","has-post-thumbnail","hentry"],"yoast_head":"<!-- This site is optimized with the Yoast SEO plugin v27.3 - https:\/\/yoast.com\/product\/yoast-seo-wordpress\/ -->\n<title>Rezepte mit Gin, Whisky &amp; Lik\u00f6r | Schlitzer Destillerie<\/title>\n<meta name=\"description\" content=\"Entdecke einfache Cocktailrezepte mit Gin, Whisky &amp; Lik\u00f6r. Kreative Drinks f\u00fcr jeden Anlass \u2013 inspiriert von der Schlitzer Destillerie.\" \/>\n<meta name=\"robots\" content=\"index, follow, max-snippet:-1, max-image-preview:large, max-video-preview:-1\" \/>\n<link rel=\"canonical\" href=\"https:\/\/schlitzer-destillerie.de\/magazin\/rezepte\/\" \/>\n<meta property=\"og:locale\" content=\"de_DE\" \/>\n<meta property=\"og:type\" content=\"article\" \/>\n<meta property=\"og:title\" content=\"Rezepte mit Gin, Whisky &amp; Lik\u00f6r | Schlitzer Destillerie\" \/>\n<meta property=\"og:description\" content=\"Entdecke einfache Cocktailrezepte mit Gin, Whisky &amp; Lik\u00f6r. Kreative Drinks f\u00fcr jeden Anlass \u2013 inspiriert von der Schlitzer Destillerie.\" \/>\n<meta property=\"og:url\" content=\"https:\/\/schlitzer-destillerie.de\/magazin\/rezepte\/\" \/>\n<meta property=\"og:site_name\" content=\"Magazin \u2013\u00a0Schlitzer Destillerie\" \/>\n<meta property=\"article:modified_time\" content=\"2025-04-09T07:49:11+00:00\" \/>\n<meta property=\"og:image\" content=\"https:\/\/schlitzer-destillerie.de\/magazin\/wp-content\/uploads\/2024\/11\/blackberry-colada-02.jpg\" \/>\n\t<meta property=\"og:image:width\" content=\"1000\" \/>\n\t<meta property=\"og:image:height\" content=\"1500\" \/>\n\t<meta property=\"og:image:type\" content=\"image\/jpeg\" \/>\n<meta name=\"twitter:card\" content=\"summary_large_image\" \/>\n<meta name=\"twitter:label1\" content=\"Gesch\u00e4tzte Lesezeit\" \/>\n\t<meta name=\"twitter:data1\" content=\"7\u00a0Minuten\" \/>\n<script type=\"application\/ld+json\" class=\"yoast-schema-graph\">{\"@context\":\"https:\\\/\\\/schema.org\",\"@graph\":[{\"@type\":\"WebPage\",\"@id\":\"https:\\\/\\\/schlitzer-destillerie.de\\\/magazin\\\/rezepte\\\/\",\"url\":\"https:\\\/\\\/schlitzer-destillerie.de\\\/magazin\\\/rezepte\\\/\",\"name\":\"Rezepte mit Gin, Whisky & Lik\u00f6r | Schlitzer Destillerie\",\"isPartOf\":{\"@id\":\"https:\\\/\\\/schlitzer-destillerie.de\\\/magazin\\\/#website\"},\"primaryImageOfPage\":{\"@id\":\"https:\\\/\\\/schlitzer-destillerie.de\\\/magazin\\\/rezepte\\\/#primaryimage\"},\"image\":{\"@id\":\"https:\\\/\\\/schlitzer-destillerie.de\\\/magazin\\\/rezepte\\\/#primaryimage\"},\"thumbnailUrl\":\"https:\\\/\\\/schlitzer-destillerie.de\\\/magazin\\\/wp-content\\\/uploads\\\/2024\\\/11\\\/blackberry-colada-02.jpg\",\"datePublished\":\"2023-12-13T09:38:47+00:00\",\"dateModified\":\"2025-04-09T07:49:11+00:00\",\"description\":\"Entdecke einfache Cocktailrezepte mit Gin, Whisky & Lik\u00f6r. Kreative Drinks f\u00fcr jeden Anlass \u2013 inspiriert von der Schlitzer Destillerie.\",\"breadcrumb\":{\"@id\":\"https:\\\/\\\/schlitzer-destillerie.de\\\/magazin\\\/rezepte\\\/#breadcrumb\"},\"inLanguage\":\"de\",\"potentialAction\":[{\"@type\":\"ReadAction\",\"target\":[\"https:\\\/\\\/schlitzer-destillerie.de\\\/magazin\\\/rezepte\\\/\"]}]},{\"@type\":\"ImageObject\",\"inLanguage\":\"de\",\"@id\":\"https:\\\/\\\/schlitzer-destillerie.de\\\/magazin\\\/rezepte\\\/#primaryimage\",\"url\":\"https:\\\/\\\/schlitzer-destillerie.de\\\/magazin\\\/wp-content\\\/uploads\\\/2024\\\/11\\\/blackberry-colada-02.jpg\",\"contentUrl\":\"https:\\\/\\\/schlitzer-destillerie.de\\\/magazin\\\/wp-content\\\/uploads\\\/2024\\\/11\\\/blackberry-colada-02.jpg\",\"width\":1000,\"height\":1500,\"caption\":\"Ein Glas mit cremigem Cocktail, dekoriert mit Brombeere und Heidelbeere, umgeben von Zutaten und Lik\u00f6rflasche im Hintergrund.\"},{\"@type\":\"BreadcrumbList\",\"@id\":\"https:\\\/\\\/schlitzer-destillerie.de\\\/magazin\\\/rezepte\\\/#breadcrumb\",\"itemListElement\":[{\"@type\":\"ListItem\",\"position\":1,\"name\":\"Startseite\",\"item\":\"https:\\\/\\\/schlitzer-destillerie.de\\\/magazin\\\/\"},{\"@type\":\"ListItem\",\"position\":2,\"name\":\"Rezepte\"}]},{\"@type\":\"WebSite\",\"@id\":\"https:\\\/\\\/schlitzer-destillerie.de\\\/magazin\\\/#website\",\"url\":\"https:\\\/\\\/schlitzer-destillerie.de\\\/magazin\\\/\",\"name\":\"Magazin \u2013\u00a0Schlitzer Destillerie\",\"description\":\"\",\"potentialAction\":[{\"@type\":\"SearchAction\",\"target\":{\"@type\":\"EntryPoint\",\"urlTemplate\":\"https:\\\/\\\/schlitzer-destillerie.de\\\/magazin\\\/?s={search_term_string}\"},\"query-input\":{\"@type\":\"PropertyValueSpecification\",\"valueRequired\":true,\"valueName\":\"search_term_string\"}}],\"inLanguage\":\"de\"}]}<\/script>\n<!-- \/ Yoast SEO plugin. -->","yoast_head_json":{"title":"Rezepte mit Gin, Whisky & Lik\u00f6r | Schlitzer Destillerie","description":"Entdecke einfache Cocktailrezepte mit Gin, Whisky & Lik\u00f6r. Kreative Drinks f\u00fcr jeden Anlass \u2013 inspiriert von der Schlitzer Destillerie.","robots":{"index":"index","follow":"follow","max-snippet":"max-snippet:-1","max-image-preview":"max-image-preview:large","max-video-preview":"max-video-preview:-1"},"canonical":"https:\/\/schlitzer-destillerie.de\/magazin\/rezepte\/","og_locale":"de_DE","og_type":"article","og_title":"Rezepte mit Gin, Whisky & Lik\u00f6r | Schlitzer Destillerie","og_description":"Entdecke einfache Cocktailrezepte mit Gin, Whisky & Lik\u00f6r. Kreative Drinks f\u00fcr jeden Anlass \u2013 inspiriert von der Schlitzer Destillerie.","og_url":"https:\/\/schlitzer-destillerie.de\/magazin\/rezepte\/","og_site_name":"Magazin \u2013\u00a0Schlitzer Destillerie","article_modified_time":"2025-04-09T07:49:11+00:00","og_image":[{"width":1000,"height":1500,"url":"https:\/\/schlitzer-destillerie.de\/magazin\/wp-content\/uploads\/2024\/11\/blackberry-colada-02.jpg","type":"image\/jpeg"}],"twitter_card":"summary_large_image","twitter_misc":{"Gesch\u00e4tzte Lesezeit":"7\u00a0Minuten"},"schema":{"@context":"https:\/\/schema.org","@graph":[{"@type":"WebPage","@id":"https:\/\/schlitzer-destillerie.de\/magazin\/rezepte\/","url":"https:\/\/schlitzer-destillerie.de\/magazin\/rezepte\/","name":"Rezepte mit Gin, Whisky & Lik\u00f6r | Schlitzer Destillerie","isPartOf":{"@id":"https:\/\/schlitzer-destillerie.de\/magazin\/#website"},"primaryImageOfPage":{"@id":"https:\/\/schlitzer-destillerie.de\/magazin\/rezepte\/#primaryimage"},"image":{"@id":"https:\/\/schlitzer-destillerie.de\/magazin\/rezepte\/#primaryimage"},"thumbnailUrl":"https:\/\/schlitzer-destillerie.de\/magazin\/wp-content\/uploads\/2024\/11\/blackberry-colada-02.jpg","datePublished":"2023-12-13T09:38:47+00:00","dateModified":"2025-04-09T07:49:11+00:00","description":"Entdecke einfache Cocktailrezepte mit Gin, Whisky & Lik\u00f6r. Kreative Drinks f\u00fcr jeden Anlass \u2013 inspiriert von der Schlitzer Destillerie.","breadcrumb":{"@id":"https:\/\/schlitzer-destillerie.de\/magazin\/rezepte\/#breadcrumb"},"inLanguage":"de","potentialAction":[{"@type":"ReadAction","target":["https:\/\/schlitzer-destillerie.de\/magazin\/rezepte\/"]}]},{"@type":"ImageObject","inLanguage":"de","@id":"https:\/\/schlitzer-destillerie.de\/magazin\/rezepte\/#primaryimage","url":"https:\/\/schlitzer-destillerie.de\/magazin\/wp-content\/uploads\/2024\/11\/blackberry-colada-02.jpg","contentUrl":"https:\/\/schlitzer-destillerie.de\/magazin\/wp-content\/uploads\/2024\/11\/blackberry-colada-02.jpg","width":1000,"height":1500,"caption":"Ein Glas mit cremigem Cocktail, dekoriert mit Brombeere und Heidelbeere, umgeben von Zutaten und Lik\u00f6rflasche im Hintergrund."},{"@type":"BreadcrumbList","@id":"https:\/\/schlitzer-destillerie.de\/magazin\/rezepte\/#breadcrumb","itemListElement":[{"@type":"ListItem","position":1,"name":"Startseite","item":"https:\/\/schlitzer-destillerie.de\/magazin\/"},{"@type":"ListItem","position":2,"name":"Rezepte"}]},{"@type":"WebSite","@id":"https:\/\/schlitzer-destillerie.de\/magazin\/#website","url":"https:\/\/schlitzer-destillerie.de\/magazin\/","name":"Magazin \u2013\u00a0Schlitzer Destillerie","description":"","potentialAction":[{"@type":"SearchAction","target":{"@type":"EntryPoint","urlTemplate":"https:\/\/schlitzer-destillerie.de\/magazin\/?s={search_term_string}"},"query-input":{"@type":"PropertyValueSpecification","valueRequired":true,"valueName":"search_term_string"}}],"inLanguage":"de"}]}},"_links":{"self":[{"href":"https:\/\/schlitzer-destillerie.de\/magazin\/wp-json\/wp\/v2\/pages\/538","targetHints":{"allow":["GET"]}}],"collection":[{"href":"https:\/\/schlitzer-destillerie.de\/magazin\/wp-json\/wp\/v2\/pages"}],"about":[{"href":"https:\/\/schlitzer-destillerie.de\/magazin\/wp-json\/wp\/v2\/types\/page"}],"author":[{"embeddable":true,"href":"https:\/\/schlitzer-destillerie.de\/magazin\/wp-json\/wp\/v2\/users\/1"}],"replies":[{"embeddable":true,"href":"https:\/\/schlitzer-destillerie.de\/magazin\/wp-json\/wp\/v2\/comments?post=538"}],"version-history":[{"count":18,"href":"https:\/\/schlitzer-destillerie.de\/magazin\/wp-json\/wp\/v2\/pages\/538\/revisions"}],"predecessor-version":[{"id":3304,"href":"https:\/\/schlitzer-destillerie.de\/magazin\/wp-json\/wp\/v2\/pages\/538\/revisions\/3304"}],"wp:featuredmedia":[{"embeddable":true,"href":"https:\/\/schlitzer-destillerie.de\/magazin\/wp-json\/wp\/v2\/media\/2636"}],"wp:attachment":[{"href":"https:\/\/schlitzer-destillerie.de\/magazin\/wp-json\/wp\/v2\/media?parent=538"}],"curies":[{"name":"wp","href":"https:\/\/api.w.org\/{rel}","templated":true}]}}